{"id":1430,"date":"2021-08-20T10:27:54","date_gmt":"2021-08-20T13:27:54","guid":{"rendered":"https:\/\/populariswp.com\/popularis-business-demo\/?page_id=1430"},"modified":"2025-04-01T17:06:10","modified_gmt":"2025-04-01T20:06:10","slug":"requisicao-de-direitos-dos-titulares","status":"publish","type":"page","link":"https:\/\/lfc.org.br\/portaldeprivacidade\/requisicao-de-direitos-dos-titulares\/","title":{"rendered":"Requisi\u00e7\u00e3o de Direitos dos Titulares"},"content":{"rendered":"\t\t<div data-elementor-type=\"wp-page\" data-elementor-id=\"1430\" class=\"elementor elementor-1430\">\n\t\t\t\t\t\t<section class=\"elementor-section elementor-top-section elementor-element elementor-element-6adfbc12 elementor-section-boxed elementor-section-height-default elementor-section-height-default\" data-id=\"6adfbc12\" data-element_type=\"section\" data-e-type=\"section\" data-settings=\"{&quot;animation&quot;:&quot;none&quot;}\">\n\t\t\t\t\t\t<div class=\"elementor-container elementor-column-gap-default\">\n\t\t\t\t\t<div class=\"elementor-column elementor-col-50 elementor-top-column elementor-element elementor-element-7db87c4b\" data-id=\"7db87c4b\" data-element_type=\"column\" data-e-type=\"column\">\n\t\t\t<div class=\"elementor-widget-wrap elementor-element-populated\">\n\t\t\t\t\t\t<div class=\"elementor-element elementor-element-636abee4 elementor-widget elementor-widget-heading\" data-id=\"636abee4\" data-element_type=\"widget\" data-e-type=\"widget\" data-widget_type=\"heading.default\">\n\t\t\t\t<div class=\"elementor-widget-container\">\n\t\t\t\t\t<h1 class=\"elementor-heading-title elementor-size-default\">Requisi\u00e7\u00e3o de direitos<\/h1>\t\t\t\t<\/div>\n\t\t\t\t<\/div>\n\t\t\t\t<div class=\"elementor-element elementor-element-7c467b69 elementor-widget elementor-widget-text-editor\" data-id=\"7c467b69\" data-element_type=\"widget\" data-e-type=\"widget\" data-widget_type=\"text-editor.default\">\n\t\t\t\t<div class=\"elementor-widget-container\">\n\t\t\t\t\t\t\t\t\t<p>Este \u00e9 o canal de comunica\u00e7\u00e3o que o Lar Fabiano de Cristo oferece para que os titulares de dados possam realizar requisi\u00e7\u00f5es de direitos, tal como estabelecido nos artigos 18 e 20 da Lei 13.709\/2018 \u2013 Lei Geral de Prote\u00e7\u00e3o de Dados Pessoais (LGPD).<\/p><p>O atendimento \u00e9 realizado de forma gratuita, por meio eletr\u00f4nico, de acordo com os prazos definidos em lei ou que venham a ser determinados pela Autoridade Nacional de Prote\u00e7\u00e3o de Dados (ANPD).<\/p><p>Para enviar a requisi\u00e7\u00e3o, basta preencher o formul\u00e1rio abaixo. Ao preencher os campos com as informa\u00e7\u00f5es necess\u00e1rias, o requerente declara ser o pr\u00f3prio titular de dados ou seu representante legalmente constitu\u00eddo. Adicionalmente, o Lar Fabiano de Cristo pode exigir documentos complementares para comprovar a titularidade do requisitante ou do seu representante ou da representa\u00e7\u00e3o, sempre para a garantia da privacidade dos titulares.<\/p>\t\t\t\t\t\t\t\t<\/div>\n\t\t\t\t<\/div>\n\t\t\t\t\t<\/div>\n\t\t<\/div>\n\t\t\t\t<div class=\"elementor-column elementor-col-50 elementor-top-column elementor-element elementor-element-3d158f08 animated-slow elementor-invisible\" data-id=\"3d158f08\" data-element_type=\"column\" data-e-type=\"column\" data-settings=\"{&quot;animation&quot;:&quot;fadeInRight&quot;,&quot;animation_delay&quot;:200,&quot;background_background&quot;:&quot;classic&quot;}\">\n\t\t\t<div class=\"elementor-widget-wrap elementor-element-populated\">\n\t\t\t\t\t\t<div class=\"elementor-element elementor-element-69a0eb40 elementor-widget elementor-widget-shortcode\" data-id=\"69a0eb40\" data-element_type=\"widget\" data-e-type=\"widget\" data-widget_type=\"shortcode.default\">\n\t\t\t\t<div class=\"elementor-widget-container\">\n\t\t\t\t\t\t\t<div class=\"elementor-shortcode\">\n<div class=\"wpcf7 no-js\" id=\"wpcf7-f1558-o1\" lang=\"pt-BR\" dir=\"ltr\" data-wpcf7-id=\"1558\">\n<div class=\"screen-reader-response\"><p role=\"status\" aria-live=\"polite\" aria-atomic=\"true\"><\/p> <ul><\/ul><\/div>\n<form action=\"\/portaldeprivacidade\/wp-json\/wp\/v2\/pages\/1430#wpcf7-f1558-o1\" method=\"post\" class=\"wpcf7-form init\" aria-label=\"Formul\u00e1rios de contato\" novalidate=\"novalidate\" data-status=\"init\">\n<fieldset class=\"hidden-fields-container\"><input type=\"hidden\" name=\"_wpcf7\" value=\"1558\" \/><input type=\"hidden\" name=\"_wpcf7_version\" value=\"6.1.5\" \/><input type=\"hidden\" name=\"_wpcf7_locale\" value=\"pt_BR\" \/><input type=\"hidden\" name=\"_wpcf7_unit_tag\" value=\"wpcf7-f1558-o1\" \/><input type=\"hidden\" name=\"_wpcf7_container_post\" value=\"0\" \/><input type=\"hidden\" name=\"_wpcf7_posted_data_hash\" value=\"\" \/><input type=\"hidden\" name=\"_wpcf7_recaptcha_response\" value=\"\" \/>\n<\/fieldset>\n<p><label> Tipo de requisi\u00e7\u00e3o*<br \/>\n<span class=\"wpcf7-form-control-wrap\" data-name=\"tipo-requisicao\"><select class=\"wpcf7-form-control wpcf7-select wpcf7-validates-as-required\" aria-required=\"true\" aria-invalid=\"false\" name=\"tipo-requisicao\"><option value=\"\">&#8212;Escolha uma op\u00e7\u00e3o&#8212;<\/option><option value=\"Confirma\u00e7\u00e3o da exist\u00eancia de tratamento\">Confirma\u00e7\u00e3o da exist\u00eancia de tratamento<\/option><option value=\"Acesso aos dados\">Acesso aos dados<\/option><option value=\"Corre\u00e7\u00e3o de dados incompletos, inexatos ou desatualizados\">Corre\u00e7\u00e3o de dados incompletos, inexatos ou desatualizados<\/option><option value=\"Anonimiza\u00e7\u00e3o, bloqueio ou elimina\u00e7\u00e3o de dados\">Anonimiza\u00e7\u00e3o, bloqueio ou elimina\u00e7\u00e3o de dados<\/option><option value=\"Portabilidade de dados (a ser regulamentada pela ANPD)\">Portabilidade de dados (a ser regulamentada pela ANPD)<\/option><option value=\"Elimina\u00e7\u00e3o dos dados pessoas com consentimento do titular\">Elimina\u00e7\u00e3o dos dados pessoas com consentimento do titular<\/option><option value=\"Informa\u00e7\u00f5es a respeito do compartilhamento de dados com terceiros\">Informa\u00e7\u00f5es a respeito do compartilhamento de dados com terceiros<\/option><option value=\"Informa\u00e7\u00f5es sobre n\u00e3o fornecer consentimentos e consequ\u00eancias das negativas\">Informa\u00e7\u00f5es sobre n\u00e3o fornecer consentimentos e consequ\u00eancias das negativas<\/option><option value=\"Revoga\u00e7\u00e3o do consentimento\">Revoga\u00e7\u00e3o do consentimento<\/option><option value=\"Revis\u00e3o ou esclarecimentos a respeito de decis\u00f5es automatizadas\">Revis\u00e3o ou esclarecimentos a respeito de decis\u00f5es automatizadas<\/option><\/select><\/span> <\/label>\n<\/p>\n<p><label> Sou um(a)*<br \/>\n<span class=\"wpcf7-form-control-wrap\" data-name=\"sou\"><select class=\"wpcf7-form-control wpcf7-select\" aria-invalid=\"false\" name=\"sou\"><option value=\"\">&#8212;Escolha uma op\u00e7\u00e3o&#8212;<\/option><option value=\"Associado\">Associado<\/option><option value=\"Coparticipante\">Coparticipante<\/option><option value=\"Colaborador\">Colaborador<\/option><option value=\"Fornecedor\">Fornecedor<\/option><option value=\"Parceiro\">Parceiro<\/option><option value=\"Outro\">Outro<\/option><\/select><\/span> <\/label>\n<\/p>\n<p><label> Nome completo*<br \/>\n<span class=\"wpcf7-form-control-wrap\" data-name=\"nome\"><input size=\"40\" maxlength=\"400\" class=\"wpcf7-form-control wpcf7-text wpcf7-validates-as-required\" aria-required=\"true\" aria-invalid=\"false\" value=\"\" type=\"text\" name=\"nome\" \/><\/span> <\/label>\n<\/p>\n<p><label>E-mail*<br \/>\n<span class=\"wpcf7-form-control-wrap\" data-name=\"email\"><input size=\"40\" maxlength=\"400\" class=\"wpcf7-form-control wpcf7-email wpcf7-validates-as-required wpcf7-text wpcf7-validates-as-email\" aria-required=\"true\" aria-invalid=\"false\" value=\"\" type=\"email\" name=\"email\" \/><\/span> <\/label>\n<\/p>\n<p><label>Telefone*<br \/>\n<span class=\"wpcf7-form-control-wrap\" data-name=\"tel\"><input size=\"40\" maxlength=\"400\" class=\"wpcf7-form-control wpcf7-tel wpcf7-validates-as-required wpcf7-text wpcf7-validates-as-tel\" aria-required=\"true\" aria-invalid=\"false\" placeholder=\"(00) 00000-0000\" value=\"\" type=\"tel\" name=\"tel\" \/><\/span> <\/label>\n<\/p>\n<p><label> Descreva mais detalhes da sua requisi\u00e7\u00e3o:*<br \/>\n<span class=\"wpcf7-form-control-wrap\" data-name=\"mensage\"><textarea cols=\"40\" rows=\"10\" maxlength=\"2000\" class=\"wpcf7-form-control wpcf7-textarea wpcf7-validates-as-required\" aria-required=\"true\" aria-invalid=\"false\" name=\"mensage\"><\/textarea><\/span> <\/label>\n<\/p>\n<p><span class=\"wpcf7-form-control-wrap\" data-name=\"aceite\"><span class=\"wpcf7-form-control wpcf7-acceptance\"><span class=\"wpcf7-list-item\"><label><input type=\"checkbox\" name=\"aceite\" value=\"1\" aria-invalid=\"false\" \/><span class=\"wpcf7-list-item-label\">Ao encaminhar a presente mensagem e fornecer os dados para a finalidade de dar cumprimento aos direitos dos titulares (demanda de informa\u00e7\u00e3o) previstos na Lei Geral de Prote\u00e7\u00e3o de Dados (lei 13.709\/2018), o requerente declara ter conhecimento e concordar com a <a style=\"color: #ec5b05\" href=\"http:\/\/lfc.org.br\/portaldeprivacidade\/politica-de-privacidade\/\">Pol\u00edtica de Privacidade<\/a> do Lar Fabiano de Cristo e autoriza o tratamento de seus dados para essa finalidade.<\/span><\/label><\/span><\/span><\/span>\n<\/p>\n<p>\n\n<\/p>\n<p><input class=\"wpcf7-form-control wpcf7-submit has-spinner\" type=\"submit\" value=\"Enviar\" \/>\n<\/p><div class=\"wpcf7-response-output\" aria-hidden=\"true\"><\/div>\n<\/form>\n<\/div>\n<\/div>\n\t\t\t\t\t\t<\/div>\n\t\t\t\t<\/div>\n\t\t\t\t\t<\/div>\n\t\t<\/div>\n\t\t\t\t\t<\/div>\n\t\t<\/section>\n\t\t\t\t<\/div>\n\t\t","protected":false},"excerpt":{"rendered":"<p>Requisi\u00e7\u00e3o de direitos Este \u00e9 o canal de comunica\u00e7\u00e3o que o Lar Fabiano de Cristo oferece para que os titulares de dados possam realizar requisi\u00e7\u00f5es de direitos, tal como estabelecido nos artigos 18 e 20 da Lei 13.709\/2018 \u2013 Lei Geral de Prote\u00e7\u00e3o de Dados Pessoais (LGPD). O atendimento \u00e9 realizado de forma gratuita, por [&hellip;]<\/p>\n","protected":false},"author":1,"featured_media":0,"parent":0,"menu_order":0,"comment_status":"closed","ping_status":"closed","template":"elementor_header_footer","meta":{"footnotes":""},"class_list":["post-1430","page","type-page","status-publish","hentry"],"_links":{"self":[{"href":"https:\/\/lfc.org.br\/portaldeprivacidade\/wp-json\/wp\/v2\/pages\/1430","targetHints":{"allow":["GET"]}}],"collection":[{"href":"https:\/\/lfc.org.br\/portaldeprivacidade\/wp-json\/wp\/v2\/pages"}],"about":[{"href":"https:\/\/lfc.org.br\/portaldeprivacidade\/wp-json\/wp\/v2\/types\/page"}],"author":[{"embeddable":true,"href":"https:\/\/lfc.org.br\/portaldeprivacidade\/wp-json\/wp\/v2\/users\/1"}],"replies":[{"embeddable":true,"href":"https:\/\/lfc.org.br\/portaldeprivacidade\/wp-json\/wp\/v2\/comments?post=1430"}],"version-history":[{"count":43,"href":"https:\/\/lfc.org.br\/portaldeprivacidade\/wp-json\/wp\/v2\/pages\/1430\/revisions"}],"predecessor-version":[{"id":1729,"href":"https:\/\/lfc.org.br\/portaldeprivacidade\/wp-json\/wp\/v2\/pages\/1430\/revisions\/1729"}],"wp:attachment":[{"href":"https:\/\/lfc.org.br\/portaldeprivacidade\/wp-json\/wp\/v2\/media?parent=1430"}],"curies":[{"name":"wp","href":"https:\/\/api.w.org\/{rel}","templated":true}]}}