{"id":1435,"date":"2021-08-20T10:28:55","date_gmt":"2021-08-20T13:28:55","guid":{"rendered":"https:\/\/populariswp.com\/popularis-business-demo\/?page_id=1435"},"modified":"2025-04-01T17:05:55","modified_gmt":"2025-04-01T20:05:55","slug":"home","status":"publish","type":"page","link":"https:\/\/lfc.org.br\/portaldeprivacidade\/","title":{"rendered":"Home"},"content":{"rendered":"\t\t<div data-elementor-type=\"wp-page\" data-elementor-id=\"1435\" class=\"elementor elementor-1435\">\n\t\t\t\t\t\t<section class=\"elementor-section elementor-top-section elementor-element elementor-element-c03ea82 elementor-section-boxed elementor-section-height-default elementor-section-height-default\" data-id=\"c03ea82\" data-element_type=\"section\" data-e-type=\"section\">\n\t\t\t\t\t\t<div class=\"elementor-container elementor-column-gap-default\">\n\t\t\t\t\t<div class=\"elementor-column elementor-col-100 elementor-top-column elementor-element elementor-element-feb5e73\" data-id=\"feb5e73\" data-element_type=\"column\" data-e-type=\"column\">\n\t\t\t<div class=\"elementor-widget-wrap elementor-element-populated\">\n\t\t\t\t\t\t<div class=\"elementor-element elementor-element-54d5f7e7 elementor-widget elementor-widget-heading\" data-id=\"54d5f7e7\" data-element_type=\"widget\" data-e-type=\"widget\" data-widget_type=\"heading.default\">\n\t\t\t\t<div class=\"elementor-widget-container\">\n\t\t\t\t\t<h1 class=\"elementor-heading-title elementor-size-default\">Aqui, sua privacidade \u00e9 levada a s\u00e9rio.<\/h1>\t\t\t\t<\/div>\n\t\t\t\t<\/div>\n\t\t\t\t<div class=\"elementor-element elementor-element-b8a0fc9 elementor-widget elementor-widget-text-editor\" data-id=\"b8a0fc9\" data-element_type=\"widget\" data-e-type=\"widget\" data-widget_type=\"text-editor.default\">\n\t\t\t\t<div class=\"elementor-widget-container\">\n\t\t\t\t\t\t\t\t\tEste \u00e9 o Portal de Privacidade do Lar Fabiano de Cristo, um ambiente planejado para que voc\u00ea possa saber tudo sobre a Lei Geral de Prote\u00e7\u00e3o de Dados, al\u00e9m de poder exercer seus direitos de titular.\t\t\t\t\t\t\t\t<\/div>\n\t\t\t\t<\/div>\n\t\t\t\t\t<\/div>\n\t\t<\/div>\n\t\t\t\t\t<\/div>\n\t\t<\/section>\n\t\t\t\t<section class=\"elementor-section elementor-top-section elementor-element elementor-element-0357f81 elementor-section-boxed elementor-section-height-default elementor-section-height-default\" data-id=\"0357f81\" data-element_type=\"section\" data-e-type=\"section\">\n\t\t\t\t\t\t<div class=\"elementor-container elementor-column-gap-default\">\n\t\t\t\t\t<div class=\"elementor-column elementor-col-100 elementor-top-column elementor-element elementor-element-afba8d4\" data-id=\"afba8d4\" data-element_type=\"column\" data-e-type=\"column\">\n\t\t\t<div class=\"elementor-widget-wrap elementor-element-populated\">\n\t\t\t\t\t\t<div class=\"elementor-element elementor-element-161c1703 elementor-widget elementor-widget-toggle\" data-id=\"161c1703\" data-element_type=\"widget\" data-e-type=\"widget\" data-widget_type=\"toggle.default\">\n\t\t\t\t<div class=\"elementor-widget-container\">\n\t\t\t\t\t\t\t<div class=\"elementor-toggle\">\n\t\t\t\t\t\t\t<div class=\"elementor-toggle-item\">\n\t\t\t\t\t<div id=\"elementor-tab-title-3701\" class=\"elementor-tab-title\" data-tab=\"1\" role=\"button\" aria-controls=\"elementor-tab-content-3701\" aria-expanded=\"false\">\n\t\t\t\t\t\t\t\t\t\t\t\t<span class=\"elementor-toggle-icon elementor-toggle-icon-right\" aria-hidden=\"true\">\n\t\t\t\t\t\t\t\t\t\t\t\t\t\t\t<span class=\"elementor-toggle-icon-closed\"><i class=\"fas fa-caret-right\"><\/i><\/span>\n\t\t\t\t\t\t\t\t<span class=\"elementor-toggle-icon-opened\"><i class=\"elementor-toggle-icon-opened fas fa-caret-up\"><\/i><\/span>\n\t\t\t\t\t\t\t\t\t\t\t\t\t<\/span>\n\t\t\t\t\t\t\t\t\t\t\t\t<a class=\"elementor-toggle-title\" tabindex=\"0\">CONHECENDO A LGPD (Lei 13.709\/18)<\/a>\n\t\t\t\t\t<\/div>\n\n\t\t\t\t\t<div id=\"elementor-tab-content-3701\" class=\"elementor-tab-content elementor-clearfix\" data-tab=\"1\" role=\"region\" aria-labelledby=\"elementor-tab-title-3701\">A LGPD estabelece regras para o tratamento de dados pessoais (coleta, uso, armazenamento, compartilhamento e outros) tanto pelo poder p\u00fablico quanto pela iniciativa privada. Tem por objetivo garantir a privacidade e a transpar\u00eancia no uso das informa\u00e7\u00f5es pessoais dos titulares de dados.<\/div>\n\t\t\t\t<\/div>\n\t\t\t\t\t\t\t<div class=\"elementor-toggle-item\">\n\t\t\t\t\t<div id=\"elementor-tab-title-3702\" class=\"elementor-tab-title\" data-tab=\"2\" role=\"button\" aria-controls=\"elementor-tab-content-3702\" aria-expanded=\"false\">\n\t\t\t\t\t\t\t\t\t\t\t\t<span class=\"elementor-toggle-icon elementor-toggle-icon-right\" aria-hidden=\"true\">\n\t\t\t\t\t\t\t\t\t\t\t\t\t\t\t<span class=\"elementor-toggle-icon-closed\"><i class=\"fas fa-caret-right\"><\/i><\/span>\n\t\t\t\t\t\t\t\t<span class=\"elementor-toggle-icon-opened\"><i class=\"elementor-toggle-icon-opened fas fa-caret-up\"><\/i><\/span>\n\t\t\t\t\t\t\t\t\t\t\t\t\t<\/span>\n\t\t\t\t\t\t\t\t\t\t\t\t<a class=\"elementor-toggle-title\" tabindex=\"0\">QUAIS S\u00c3O OS PRINCIPIOS DA LGPD?<\/a>\n\t\t\t\t\t<\/div>\n\n\t\t\t\t\t<div id=\"elementor-tab-content-3702\" class=\"elementor-tab-content elementor-clearfix\" data-tab=\"2\" role=\"region\" aria-labelledby=\"elementor-tab-title-3702\"><p>A LGPD estabelece princ\u00edpios norteadores para o tratamento dos dados pessoais, sendo eles:<\/p><ul><li><strong>Boa-f\u00e9:<\/strong> \u00e9 o dever de lealdade, respeito, transpar\u00eancia e confian\u00e7a ao titular no \u00e2mbito do tratamento de dados;<\/li><li><strong>Finalidade:<\/strong> todos os dados tratados devem ter uma finalidade espec\u00edfica, n\u00e3o podendo ser desviados para outros fins;<\/li><li><strong>Adequa\u00e7\u00e3o:<\/strong> o tratamento deve ser compat\u00edvel com as finalidades informadas ao titular;<\/li><li><strong>Necessidade:<\/strong> coletar somente os dados necess\u00e1rios para atender a finalidade de tratamento;<\/li><li><strong>Livre acesso:<\/strong> deve ser garantida aos titulares a consulta facilitada e gratuita sobre tratamento e sobre seus dados pessoais;<\/li><li><strong>Qualidade dos dados:<\/strong> garante aos titulares a exatid\u00e3o e clareza do tratamento de dados;<\/li><li><strong>Transpar\u00eancia:<\/strong> garante aos titulares informa\u00e7\u00f5es claras sobre como est\u00e1 sendo realizado o tratamento dos dados;<\/li><li><strong>Seguran\u00e7a:<\/strong> garante aos titulares que os dados est\u00e3o sendo tratados de forma segura de forma a evitar qualquer tipo de incidente;<\/li><li><strong>Preven\u00e7\u00e3o:<\/strong> devem ser adotadas medidas para prevenir a ocorr\u00eancia de danos em virtude do tratamento de dados pessoais;<\/li><li><strong>N\u00e3o discrimina\u00e7\u00e3o:<\/strong> garante que o tratamento dos dados n\u00e3o ser\u00e1 utilizado para fins discriminat\u00f3rios;<\/li><li><strong>Responsabiliza\u00e7\u00e3o e presta\u00e7\u00e3o de contas:<\/strong> ado\u00e7\u00e3o de medidas eficazes e capazes de comprovar a observ\u00e2ncia e o cumprimento das normas de prote\u00e7\u00e3o de dados pessoais e da efic\u00e1cia dessas medidas.<\/li><\/ul><\/div>\n\t\t\t\t<\/div>\n\t\t\t\t\t\t\t<div class=\"elementor-toggle-item\">\n\t\t\t\t\t<div id=\"elementor-tab-title-3703\" class=\"elementor-tab-title\" data-tab=\"3\" role=\"button\" aria-controls=\"elementor-tab-content-3703\" aria-expanded=\"false\">\n\t\t\t\t\t\t\t\t\t\t\t\t<span class=\"elementor-toggle-icon elementor-toggle-icon-right\" aria-hidden=\"true\">\n\t\t\t\t\t\t\t\t\t\t\t\t\t\t\t<span class=\"elementor-toggle-icon-closed\"><i class=\"fas fa-caret-right\"><\/i><\/span>\n\t\t\t\t\t\t\t\t<span class=\"elementor-toggle-icon-opened\"><i class=\"elementor-toggle-icon-opened fas fa-caret-up\"><\/i><\/span>\n\t\t\t\t\t\t\t\t\t\t\t\t\t<\/span>\n\t\t\t\t\t\t\t\t\t\t\t\t<a class=\"elementor-toggle-title\" tabindex=\"0\">O QUE S\u00c3O DADOS PESSOAIS?<\/a>\n\t\t\t\t\t<\/div>\n\n\t\t\t\t\t<div id=\"elementor-tab-content-3703\" class=\"elementor-tab-content elementor-clearfix\" data-tab=\"3\" role=\"region\" aria-labelledby=\"elementor-tab-title-3703\">S\u00e3o todos os dados que possam identificar, direta ou indiretamente, uma pessoa natural, como por exemplo o n\u00famero do CPF, RG, e-mail, foto, entre outros. H\u00e1 tamb\u00e9m os dados sens\u00edveis, que s\u00e3o relacionados \u00e0 origem \u00e9tnica, dados referentes \u00e0 sa\u00fade, dados gen\u00e9ticos ou biom\u00e9dicos, entre outros.<\/div>\n\t\t\t\t<\/div>\n\t\t\t\t\t\t\t<div class=\"elementor-toggle-item\">\n\t\t\t\t\t<div id=\"elementor-tab-title-3704\" class=\"elementor-tab-title\" data-tab=\"4\" role=\"button\" aria-controls=\"elementor-tab-content-3704\" aria-expanded=\"false\">\n\t\t\t\t\t\t\t\t\t\t\t\t<span class=\"elementor-toggle-icon elementor-toggle-icon-right\" aria-hidden=\"true\">\n\t\t\t\t\t\t\t\t\t\t\t\t\t\t\t<span class=\"elementor-toggle-icon-closed\"><i class=\"fas fa-caret-right\"><\/i><\/span>\n\t\t\t\t\t\t\t\t<span class=\"elementor-toggle-icon-opened\"><i class=\"elementor-toggle-icon-opened fas fa-caret-up\"><\/i><\/span>\n\t\t\t\t\t\t\t\t\t\t\t\t\t<\/span>\n\t\t\t\t\t\t\t\t\t\t\t\t<a class=\"elementor-toggle-title\" tabindex=\"0\">O QUE \u00c9 TRATAMENTO DE DADOS PESSOAIS?<\/a>\n\t\t\t\t\t<\/div>\n\n\t\t\t\t\t<div id=\"elementor-tab-content-3704\" class=\"elementor-tab-content elementor-clearfix\" data-tab=\"4\" role=\"region\" aria-labelledby=\"elementor-tab-title-3704\">\u00c9 toda e qualquer opera\u00e7\u00e3o realizada com os dados pessoais de uma pessoa natural, desde a coleta dos dados at\u00e9 a sua elimina\u00e7\u00e3o.<\/div>\n\t\t\t\t<\/div>\n\t\t\t\t\t\t\t<div class=\"elementor-toggle-item\">\n\t\t\t\t\t<div id=\"elementor-tab-title-3705\" class=\"elementor-tab-title\" data-tab=\"5\" role=\"button\" aria-controls=\"elementor-tab-content-3705\" aria-expanded=\"false\">\n\t\t\t\t\t\t\t\t\t\t\t\t<span class=\"elementor-toggle-icon elementor-toggle-icon-right\" aria-hidden=\"true\">\n\t\t\t\t\t\t\t\t\t\t\t\t\t\t\t<span class=\"elementor-toggle-icon-closed\"><i class=\"fas fa-caret-right\"><\/i><\/span>\n\t\t\t\t\t\t\t\t<span class=\"elementor-toggle-icon-opened\"><i class=\"elementor-toggle-icon-opened fas fa-caret-up\"><\/i><\/span>\n\t\t\t\t\t\t\t\t\t\t\t\t\t<\/span>\n\t\t\t\t\t\t\t\t\t\t\t\t<a class=\"elementor-toggle-title\" tabindex=\"0\">O QUE S\u00c3O COOKIES?<\/a>\n\t\t\t\t\t<\/div>\n\n\t\t\t\t\t<div id=\"elementor-tab-content-3705\" class=\"elementor-tab-content elementor-clearfix\" data-tab=\"5\" role=\"region\" aria-labelledby=\"elementor-tab-title-3705\"><p>Os cookies s\u00e3o ferramentas de navega\u00e7\u00e3o online com as quais a navega\u00e7\u00e3o se torna mais r\u00e1pida e eficiente. Os cookies registram o comportamento do usu\u00e1rio durante a navega\u00e7\u00e3o na internet. \u00c9 atrav\u00e9s dos cookies que as informa\u00e7\u00f5es pessoais s\u00e3o armazenadas para ser utilizadas posteriormente pelas empresas.<\/p><p><strong>Exemplo:<\/strong> quando \u00e9 feita busca na internet de itens para compra e a pessoa entra em sua m\u00eddia social e aparecem an\u00fancios dos itens buscados: isso ocorre devido aos cookies existentes nos sites visitados.<\/p><\/div>\n\t\t\t\t<\/div>\n\t\t\t\t\t\t\t<div class=\"elementor-toggle-item\">\n\t\t\t\t\t<div id=\"elementor-tab-title-3706\" class=\"elementor-tab-title\" data-tab=\"6\" role=\"button\" aria-controls=\"elementor-tab-content-3706\" aria-expanded=\"false\">\n\t\t\t\t\t\t\t\t\t\t\t\t<span class=\"elementor-toggle-icon elementor-toggle-icon-right\" aria-hidden=\"true\">\n\t\t\t\t\t\t\t\t\t\t\t\t\t\t\t<span class=\"elementor-toggle-icon-closed\"><i class=\"fas fa-caret-right\"><\/i><\/span>\n\t\t\t\t\t\t\t\t<span class=\"elementor-toggle-icon-opened\"><i class=\"elementor-toggle-icon-opened fas fa-caret-up\"><\/i><\/span>\n\t\t\t\t\t\t\t\t\t\t\t\t\t<\/span>\n\t\t\t\t\t\t\t\t\t\t\t\t<a class=\"elementor-toggle-title\" tabindex=\"0\">QUEM \u00c9 O ENCARREGADO DE DADOS OU DPO?<\/a>\n\t\t\t\t\t<\/div>\n\n\t\t\t\t\t<div id=\"elementor-tab-content-3706\" class=\"elementor-tab-content elementor-clearfix\" data-tab=\"6\" role=\"region\" aria-labelledby=\"elementor-tab-title-3706\"><p>Pessoa respons\u00e1vel pela comunica\u00e7\u00e3o entre o titular dos dados, a empresa e a ANPD (Ag\u00eancia Nacional de Prote\u00e7\u00e3o de Dados). \u00c9 respons\u00e1vel ainda por orientar e esclarecer todas as d\u00favidas pertinentes relacionadas \u00e0 LGPD.<\/p><\/div>\n\t\t\t\t<\/div>\n\t\t\t\t\t\t\t\t<\/div>\n\t\t\t\t\t\t<\/div>\n\t\t\t\t<\/div>\n\t\t\t\t\t<\/div>\n\t\t<\/div>\n\t\t\t\t\t<\/div>\n\t\t<\/section>\n\t\t\t\t<\/div>\n\t\t","protected":false},"excerpt":{"rendered":"<p>Aqui, sua privacidade \u00e9 levada a s\u00e9rio. Este \u00e9 o Portal de Privacidade do Lar Fabiano de Cristo, um ambiente planejado para que voc\u00ea possa saber tudo sobre a Lei Geral de Prote\u00e7\u00e3o de Dados, al\u00e9m de poder exercer seus direitos de titular. CONHECENDO A LGPD (Lei 13.709\/18) A LGPD estabelece regras para o tratamento [&hellip;]<\/p>\n","protected":false},"author":1,"featured_media":1709,"parent":0,"menu_order":0,"comment_status":"closed","ping_status":"closed","template":"elementor_header_footer","meta":{"footnotes":""},"class_list":["post-1435","page","type-page","status-publish","has-post-thumbnail","hentry"],"_links":{"self":[{"href":"https:\/\/lfc.org.br\/portaldeprivacidade\/wp-json\/wp\/v2\/pages\/1435","targetHints":{"allow":["GET"]}}],"collection":[{"href":"https:\/\/lfc.org.br\/portaldeprivacidade\/wp-json\/wp\/v2\/pages"}],"about":[{"href":"https:\/\/lfc.org.br\/portaldeprivacidade\/wp-json\/wp\/v2\/types\/page"}],"author":[{"embeddable":true,"href":"https:\/\/lfc.org.br\/portaldeprivacidade\/wp-json\/wp\/v2\/users\/1"}],"replies":[{"embeddable":true,"href":"https:\/\/lfc.org.br\/portaldeprivacidade\/wp-json\/wp\/v2\/comments?post=1435"}],"version-history":[{"count":45,"href":"https:\/\/lfc.org.br\/portaldeprivacidade\/wp-json\/wp\/v2\/pages\/1435\/revisions"}],"predecessor-version":[{"id":1728,"href":"https:\/\/lfc.org.br\/portaldeprivacidade\/wp-json\/wp\/v2\/pages\/1435\/revisions\/1728"}],"wp:featuredmedia":[{"embeddable":true,"href":"https:\/\/lfc.org.br\/portaldeprivacidade\/wp-json\/wp\/v2\/media\/1709"}],"wp:attachment":[{"href":"https:\/\/lfc.org.br\/portaldeprivacidade\/wp-json\/wp\/v2\/media?parent=1435"}],"curies":[{"name":"wp","href":"https:\/\/api.w.org\/{rel}","templated":true}]}}