{"id":3,"date":"2021-10-25T18:34:43","date_gmt":"2021-10-25T21:34:43","guid":{"rendered":"http:\/\/lfc.org.br\/portaldeprivacidade2\/?page_id=3"},"modified":"2025-04-01T17:06:03","modified_gmt":"2025-04-01T20:06:03","slug":"politica-de-privacidade","status":"publish","type":"page","link":"https:\/\/lfc.org.br\/portaldeprivacidade\/politica-de-privacidade\/","title":{"rendered":"Pol\u00edtica de privacidade"},"content":{"rendered":"<div class=\"wp-block-image\">\n<figure class=\"alignright size-full\"><a href=\"http:\/\/lfc.org.br\/portaldeprivacidade\/wp-content\/uploads\/2022\/01\/politica-de-privacidade-do-LFC.pdf\" target=\"_blank\" rel=\"noopener\"><img fetchpriority=\"high\" decoding=\"async\" width=\"300\" height=\"300\" src=\"http:\/\/lfc.org.br\/portaldeprivacidade\/wp-content\/uploads\/2022\/01\/politica-de-privacidade-do-LFC.png\" alt=\"Pol\u00edtica de privacidade dos sites do LFC em PDF\" class=\"wp-image-1686\" srcset=\"https:\/\/lfc.org.br\/portaldeprivacidade\/wp-content\/uploads\/2022\/01\/politica-de-privacidade-do-LFC.png 300w, https:\/\/lfc.org.br\/portaldeprivacidade\/wp-content\/uploads\/2022\/01\/politica-de-privacidade-do-LFC-150x150.png 150w\" sizes=\"(max-width: 300px) 100vw, 300px\" \/><\/a><figcaption class=\"wp-element-caption\"><sub>Clique na imagem acima para realizar o download de nossa Pol\u00edtica em formato PDF<\/sub><\/figcaption><\/figure><\/div>\n\n\n<h1 class=\"wp-block-heading\">Pol\u00edtica de privacidade<\/h1>\n\n\n\n<p><br>Abaixo segue a Pol\u00edtica de Privacidade do Lar Fabiano de Cristo, o documento que descreve como a institui\u00e7\u00e3o realiza o tratamento de dados.<\/p>\n\n\n\n<h2 class=\"wp-block-heading\"><br>A Pol\u00edtica de Privacidade dos sites do LFC<\/h2>\n\n\n\n<h3 class=\"wp-block-heading\">1 \u2013 INTRODU\u00c7\u00c3O<\/h3>\n\n\n\n<p>Para o Lar Fabiano de Cristo, a privacidade das informa\u00e7\u00f5es dos Titulares de Dados \u00e9 de grande import\u00e2ncia e, para o cumprimento desta, a pol\u00edtica de privacidade est\u00e1 pautada nos princ\u00edpios definidos pela Lei Geral de Prote\u00e7\u00e3o de Dados em seu artigo 6\u00ba, sendo eles: boa-f\u00e9, finalidade, necessidade, transpar\u00eancia, seguran\u00e7a, n\u00e3o discrimina\u00e7\u00e3o, preven\u00e7\u00e3o, qualidade dos dados, livre acesso, adequa\u00e7\u00e3o e presta\u00e7\u00e3o de contas.<\/p>\n\n\n\n<p>Visando garantir a confidencialidade dos dados pessoais, esta pol\u00edtica foi redigida com base nas legisla\u00e7\u00f5es aplic\u00e1veis ao assunto Prote\u00e7\u00e3o de Dados, dando transpar\u00eancia aos nossos parceiros e usu\u00e1rios no que tange aos tratamentos dos dados pessoais.<\/p>\n\n\n\n<p>O Lar Fabiano de Cristo, al\u00e9m do seu site principal, possui ainda os sites do Projeto Um Gr\u00e3o (<a href=\"https:\/\/umgrao.com.br\" target=\"_blank\" rel=\"noreferrer noopener\">https:\/\/umgrao.com.br<\/a>), do Programa Clube de M\u00eddia (<a href=\"https:\/\/clubedemidialfc.com.br\" target=\"_blank\" rel=\"noreferrer noopener\">https:\/\/clubedemidialfc.com.br<\/a>), e Portal EducA\u00e7\u00e3o (<a href=\"https:\/\/educacaolfc.com.br\" target=\"_blank\" rel=\"noreferrer noopener\">https:\/\/educacaolfc.com.br<\/a>), al\u00e9m da Plataforma Colaborativa (<a href=\"https:\/\/plataformacolaborativa.siclfc.com.br\" target=\"_blank\" rel=\"noreferrer noopener\">https:\/\/plataformacolaborativa.siclfc.com.br<\/a>) e todos ser\u00e3o tratados nesta pol\u00edtica de privacidade.<\/p>\n\n\n\n<h3 class=\"wp-block-heading\">2 \u2013 DEFINI\u00c7\u00d5ES<\/h3>\n\n\n\n<p style=\"padding-left: 40px;\">a) <strong>Anonimiza\u00e7\u00e3o<\/strong> \u2013 Utiliza\u00e7\u00e3o de meios t\u00e9cnicos para que os dados percam a possibilidade de associa\u00e7\u00e3o, direta ou indireta, a um Titular de Dados;<\/p>\n<p style=\"padding-left: 40px;\">b) <strong>ANPD<\/strong> \u2013 Autoridade Nacional de Prote\u00e7\u00e3o de Dados;<\/p>\n<p style=\"padding-left: 40px;\">c) <strong>Consentimento<\/strong> \u2013 Manifesta\u00e7\u00e3o livre, informada e inequ\u00edvoca pelo qual o Titular concorda com o tratamento de seus dados pessoais;<\/p>\n<p style=\"padding-left: 40px;\">d) <strong>Cookie<\/strong> \u2013 Pequeno arquivo ou pacote de dados enviados por um site ao navegador do Titular de Dados;<\/p>\n<p style=\"padding-left: 40px;\">e) <strong>Dados anonimizados<\/strong> \u2013 Dados de um Titular que n\u00e3o pode ser identificado, considerando a utiliza\u00e7\u00e3o de meios t\u00e9cnicos;<\/p>\n<p style=\"padding-left: 40px;\">f) <strong>Dados pessoais<\/strong> \u2013 Informa\u00e7\u00e3o relacionada a uma pessoa natural identificada ou identific\u00e1vel, n\u00e3o se limitando apenas ao nome;<\/p>\n<p style=\"padding-left: 40px;\">g) <strong>Dados pessoais sens\u00edveis<\/strong> \u2013 Dados relacionados \u00e0s caracter\u00edsticas da personalidade do Titular e suas escolhas pessoais, tais como a origem racial, convic\u00e7\u00e3o pol\u00edtica, dados relacionados \u00e0 sa\u00fade, entre outros;<\/p>\n<p style=\"padding-left: 40px;\">h) <strong>Encarregado de Dados<\/strong> \u2013 Pessoa natural indicada (ou comit\u00ea indicado) pela empresa para atuar como canal de comunica\u00e7\u00e3o com os Titulares de Dados e com a Autoridade Nacional;<\/p>\n<p style=\"padding-left: 40px;\">i) <strong>Titular<\/strong> \u2013 Pessoal natural \u00e0 qual se referem os dados pessoais coletados;<\/p>\n<p style=\"padding-left: 40px;\">j) <strong>Tratamento de Dados<\/strong> \u2013 Toda e qualquer opera\u00e7\u00e3o realizada com os dados pessoais do Titular, tais como: coleta, produ\u00e7\u00e3o, utiliza\u00e7\u00e3o, reprodu\u00e7\u00e3o, arquivamento, elimina\u00e7\u00e3o, entre outros;<\/p>\n\n\n\n<h3 class=\"wp-block-heading\">3 \u2013 COLETA E TRATAMENTO DE DADOS<\/h3>\n\n\n\n<p>A coleta de dados realizada pelo site institucional do Lar Fabiano de Cristo e demais sites e plataformas \u00e9 feita de forma direta (fornecida pelo usu\u00e1rio) ou indiretamente (atrav\u00e9s de cookies).<\/p>\n\n\n\n<p>Os dados coletados de forma direta, ou seja, fornecidos pelos Titulares dos dados s\u00e3o nome e e-mail e tem por finalidade o retorno das mensagens enviadas atrav\u00e9s da p\u00e1gina de \u201cContato\u201d, envio de mensagens para agradecimento de doa\u00e7\u00f5es recebidas ou envio de \u201cmala direta\u201d (newsletter) com informes a respeito das a\u00e7\u00f5es do Lar Fabiano de Cristo.<\/p>\n\n\n\n<p>O tratamento dos dados recebidos atrav\u00e9s do \u201cContato\u201d \u00e9 realizado atrav\u00e9s da ferramenta de e-mail institucional (Office 365) e n\u00e3o fica armazenado nos servidores do site. Para a exclus\u00e3o dos dados, os Titulares devem entrar em contato com o Encarregado de Dados do Lar Fabiano de Cristo, atrav\u00e9s do e-mail <a href=\"mailto:encarregado.dados@lfc.org.br\">encarregado.dados@lfc.org.br<\/a>. J\u00e1 o tratamento dos dados fornecidos para a \u201cmala direta\u201d (newsletter) \u00e9 feito na ferramenta Mailchimp. Neste caso, todos os e-mails enviados possuem um link para que o Titular solicite a exclus\u00e3o dos seus dados.<\/p>\n\n\n\n<p>A coleta de dados feita da forma indireta \u00e9 realizada atrav\u00e9s dos cookies do Google Analytics e servem para coletar informa\u00e7\u00f5es a respeito da origem do acesso do usu\u00e1rio, como por exemplo o IP do usu\u00e1rio, sua geolocaliza\u00e7\u00e3o, entre outras. Essas informa\u00e7\u00f5es s\u00e3o tratadas nos servidores do Google Analytics.<\/p>\n\n\n\n<h3 class=\"wp-block-heading\">4 \u2013 COMPARTILHAMENTO DE DADOS<\/h3>\n\n\n\n<p>O Lar Fabiano de Cristo poder\u00e1 compartilhar os dados coletados pelos sites e plataformas com terceiros para o alcance da sua finalidade, sempre em conformidade com a Lei Geral de Prote\u00e7\u00e3o de Dados, dentro das pr\u00e1ticas de privacidade e seguran\u00e7a da informa\u00e7\u00e3o preconizada e desde que se tenha o consentimento livre, espec\u00edfico e inequ\u00edvoco expressado pelo Titular dos dados.<\/p>\n\n\n\n<p>O Lar Fabiano de Cristo poder\u00e1 compartilhar os dados dos Titulares coletados, a fim de cumprir determina\u00e7\u00f5es legais, ordem judicial e poss\u00edveis viola\u00e7\u00f5es ou detec\u00e7\u00f5es de fraudes.<\/p>\n\n\n\n<p>O site do Projeto Um Gr\u00e3o possui um link de redirecionamento para a plataforma do PagSeguro (<a href=\"https:\/\/acesso.pagseguro.uol.com.br\" target=\"_blank\" rel=\"noreferrer noopener\">https:\/\/acesso.pagseguro.uol.com.br<\/a>), onde os poss\u00edveis doadores realizam um cadastro ou fazem login em uma conta j\u00e1 cadastrada. Esses dados s\u00e3o armazenados na plataforma do PagSeguro, por\u00e9m alguns dados (nome e e-mail) s\u00e3o compartilhados com o Lar Fabiano de Cristo a fim de emiss\u00e3o de carta de agradecimento pela doa\u00e7\u00e3o realizada e para a presta\u00e7\u00e3o de contas sobre onde e como os recursos das doa\u00e7\u00f5es est\u00e3o sendo aplicados.<\/p>\n\n\n\n<h3 class=\"wp-block-heading\">5 \u2013 ARMAZENAMENTO DOS DADOS<\/h3>\n\n\n\n<p>O Lar Fabiano de Cristo armazena os dados coletados atrav\u00e9s dos e-mails enviados pelo \u201cContato\u201d pelo tempo necess\u00e1rio para cumprimento da finalidade ao qual ele foi destinado.<\/p>\n\n\n\n<p>O armazenamento dos dados coletados, para envio de agradecimento de doa\u00e7\u00f5es e presta\u00e7\u00e3o de contas dos recursos aplicados, \u00e9 feito em tecnologias de \u201cnuvem\u201d e pelo tempo de relacionamento do Titular dos Dados com o Lar Fabiano de Cristo.<\/p>\n\n\n\n<p>O Lar Fabiano de Cristo se compromete em manter seguros os dados armazenados na plataforma de e-mail, adotando as medidas de seguran\u00e7as necess\u00e1rias para impedimento de poss\u00edveis vazamentos e aplicando as pr\u00e1ticas preconizadas pelas Legisla\u00e7\u00f5es vigentes.<\/p>\n\n\n\n<h3 class=\"wp-block-heading\">6 \u2013 DIREITO DOS TITULARES<\/h3>\n\n\n\n<p>O Lar Fabiano de Cristo, em conformidade como a Lei Geral de Prote\u00e7\u00e3o de Dados, disponibiliza canais de comunica\u00e7\u00e3o para que os Titulares dos Dados possam exercer o seu direito a:<\/p>\n\n\n\n<p style=\"padding-left: 40px;\">a) Confirma\u00e7\u00e3o da exist\u00eancia do tratamento;<\/p>\n<p style=\"padding-left: 40px;\">b) Acesso aos dados;<\/p>\n<p style=\"padding-left: 40px;\">c) Corre\u00e7\u00e3o dos dados incompletos, inexatos ou desatualizados;<\/p>\n<p style=\"padding-left: 40px;\">d) Anonimiza\u00e7\u00e3o, bloqueio ou elimina\u00e7\u00e3o dos dados desnecess\u00e1rios, excessivos ou tratado em desconformidade;<\/p>\n<p style=\"padding-left: 40px;\">e) Portabilidade dos dados a outro fornecedor de servi\u00e7o, mediante a requisi\u00e7\u00e3o expressa;<\/p>\n<p style=\"padding-left: 40px;\">f) Elimina\u00e7\u00e3o dos dados tratados;<\/p>\n<p style=\"padding-left: 40px;\">g) Informa\u00e7\u00f5es sobre compartilhamento dos dados com outras empresas (p\u00fablicas ou privadas);<\/p>\n<p style=\"padding-left: 40px;\">h) Revoga\u00e7\u00e3o do consentimento para tratamento de dados.<\/p>\n\n\n\n<h3 class=\"wp-block-heading\">7 \u2013 ENCARREGADO DE DADOS<\/h3>\n\n\n\n<p>No Lar Fabiano de Cristo, o Encarregado de Dados \u00e9 representado por um comit\u00ea formado por colaboradores dos Processos Controles Internos, Jur\u00eddico e Tecnologia da Informa\u00e7\u00e3o.<\/p>\n\n\n\n<p>O Encarregado de Dados do Lar Fabiano de Cristo \u00e9 respons\u00e1vel por responder as quest\u00f5es relacionadas a esta Pol\u00edtica de Privacidade e as quest\u00f5es relacionadas \u00e0 Lei Geral de Prote\u00e7\u00e3o de Dados.<\/p>\n\n\n\n<p>Para exercer os direitos dos Titulares, mencionados no item 5 desta Pol\u00edtica, o Titular dos Dados deve entrar em contato com o Encarregado de Dados atrav\u00e9s do e-mail <a href=\"mailto:encarregado.dados@lfc.org.br\">encarregado.dados@lfc.org.br<\/a>.<\/p>\n\n\n\n<h3 class=\"wp-block-heading\">8 \u2013 ATUALIZA\u00c7\u00d5ES<\/h3>\n\n\n\n<p>O Lar Fabiano de Cristo poder\u00e1, a qualquer momento, atualizar esta Pol\u00edtica de Privacidade, levando em considera\u00e7\u00e3o as Legisla\u00e7\u00f5es pertinentes e mudan\u00e7as organizacionais que possam ocorrer.<\/p>\n\n\n\n<p class=\"has-text-align-right\"><em>Revis\u00e3o em maio de 2021<\/em><\/p>\n","protected":false},"excerpt":{"rendered":"<p>Pol\u00edtica de privacidade Abaixo segue a Pol\u00edtica de Privacidade do Lar Fabiano de Cristo, o documento que descreve como a institui\u00e7\u00e3o realiza o tratamento de dados. A Pol\u00edtica de Privacidade dos sites do LFC 1 \u2013 INTRODU\u00c7\u00c3O Para o Lar Fabiano de Cristo, a privacidade das informa\u00e7\u00f5es dos Titulares de Dados \u00e9 de grande import\u00e2ncia [&hellip;]<\/p>\n","protected":false},"author":1,"featured_media":0,"parent":0,"menu_order":0,"comment_status":"closed","ping_status":"open","template":"elementor_header_footer","meta":{"footnotes":""},"class_list":["post-3","page","type-page","status-publish","hentry"],"_links":{"self":[{"href":"https:\/\/lfc.org.br\/portaldeprivacidade\/wp-json\/wp\/v2\/pages\/3","targetHints":{"allow":["GET"]}}],"collection":[{"href":"https:\/\/lfc.org.br\/portaldeprivacidade\/wp-json\/wp\/v2\/pages"}],"about":[{"href":"https:\/\/lfc.org.br\/portaldeprivacidade\/wp-json\/wp\/v2\/types\/page"}],"author":[{"embeddable":true,"href":"https:\/\/lfc.org.br\/portaldeprivacidade\/wp-json\/wp\/v2\/users\/1"}],"replies":[{"embeddable":true,"href":"https:\/\/lfc.org.br\/portaldeprivacidade\/wp-json\/wp\/v2\/comments?post=3"}],"version-history":[{"count":17,"href":"https:\/\/lfc.org.br\/portaldeprivacidade\/wp-json\/wp\/v2\/pages\/3\/revisions"}],"predecessor-version":[{"id":1730,"href":"https:\/\/lfc.org.br\/portaldeprivacidade\/wp-json\/wp\/v2\/pages\/3\/revisions\/1730"}],"wp:attachment":[{"href":"https:\/\/lfc.org.br\/portaldeprivacidade\/wp-json\/wp\/v2\/media?parent=3"}],"curies":[{"name":"wp","href":"https:\/\/api.w.org\/{rel}","templated":true}]}}